{"id":3680,"date":"2020-09-03T14:35:58","date_gmt":"2020-09-03T11:35:58","guid":{"rendered":"https:\/\/beylerbeyiankara.com\/?page_id=3680"},"modified":"2020-09-03T15:19:06","modified_gmt":"2020-09-03T12:19:06","slug":"saray-salonu","status":"publish","type":"page","link":"https:\/\/beylerbeyiankara.com\/index.php\/saray-salonu\/","title":{"rendered":"Saray Salonu"},"content":{"rendered":"<section class=\"cata-section cata-section-container-stretch\" id=\"section_kqh2gfwv0a\" style=\"\" ><div class=\"cata-container\"><div class=\"cata-row cata-columns-gap-30\"><div class=\"cata-column wpb_column vc_column_container  col-xs-mobile-fullwidth col-sm-12\"  id=\"column_wjmb3dcwp1\" style=\"\"><div class=\"cata-column-wrapper vc-column-innner-wrapper\" style=\"\">\t\t<div id=\"cata_single_image_vre3qutd5h\" class=\"cata-single-image cata-element img-center\" >\r\n\t\t\t<div><figure>\r\n\t\t\t\t<img decoding=\"async\" src=\"https:\/\/beylerbeyiankara.com\/wp-content\/uploads\/2020\/09\/Saray-Salon_yaz\u0131s\u0131_.png\" class=\"catalazy\" alt=\"\" \/>\t\t\t<\/figure><\/div>\r\n\t\t<\/div>\r\n\t\t<\/div><\/div><\/div><\/div><\/section><section class=\"cata-section cata-section-container-stretch intro-demo\" id=\"demos\" style=\" padding-top:100px; margin-bottom:0;background-color:#ffffff;\" ><div class=\"cata-container\"><div class=\"cata-row cata-columns-gap-40\"><div class=\"cata-column wpb_column vc_column_container text-left has-animation  col-xs-mobile-fullwidth  col-sm-6\" data-animation-type=\"fadeInUp\" data-animation-duration=\"700\" data-animation-delay=\"1000\" id=\"column_dhrvnbul40\" style=\"\"><div class=\"cata-column-wrapper vc-column-innner-wrapper\" style=\"\">\t\t<div id=\"cata_single_image_6uxe4v2dpr\" class=\"cata-single-image cata-element img-center effect-moveup cata-boxshadow\" >\r\n\t\t\t<div><figure>\r\n\t\t\t\t<img decoding=\"async\" src=\"https:\/\/beylerbeyiankara.com\/wp-content\/uploads\/2020\/09\/1-987x658.jpg\" class=\"catalazy\" alt=\"\" \/>\t\t\t<\/figure><\/div>\r\n\t\t<\/div>\r\n\t\t<div id=\"cata_empty_space_s8sfp\" class=\"cata-empty-space cata-element\" style=\"height: 30px\" ><\/div><div id=\"cata_custom_heading_yoh7ucj9lu\" class=\"cata-custom-heading cata-element \" ><h6 style=\"font-size: 16px; text-align:center;line-height: 30px; \" class=\" cata-black-color\"><a href=\"#\" target=\" _blank\">500 Ki\u015filik Kapasite<\/a><\/h6><\/div><\/div><\/div><div class=\"cata-column wpb_column vc_column_container text-left has-animation  col-xs-mobile-fullwidth  col-sm-6\" data-animation-type=\"fadeInUp\" data-animation-duration=\"700\" data-animation-delay=\"1200\" id=\"column_wyhv5mmy41\" style=\"\"><div class=\"cata-column-wrapper vc-column-innner-wrapper\" style=\"\">\t\t<div id=\"cata_single_image_yp8w6qx4um\" class=\"cata-single-image cata-element img-center effect-moveup cata-boxshadow\" >\r\n\t\t\t<div><figure>\r\n\t\t\t\t<img decoding=\"async\" src=\"https:\/\/beylerbeyiankara.com\/wp-content\/uploads\/2020\/09\/10-987x658.jpg\" class=\"catalazy\" alt=\"\" \/>\t\t\t<\/figure><\/div>\r\n\t\t<\/div>\r\n\t\t<div id=\"cata_empty_space_eojx4\" class=\"cata-empty-space cata-element\" style=\"height: 30px\" ><\/div><div id=\"cata_custom_heading_hs54z2r67k\" class=\"cata-custom-heading cata-element \" ><h6 style=\"font-size: 16px; text-align:center;line-height: 30px; \" class=\" cata-black-color\"><a href=\"http:\/\/sampledata.catanisthemes.com\/sweetinz\/home-page2\/\" target=\" _blank\">Konferans &amp; Etkinlik<\/a><\/h6><\/div><\/div><\/div><\/div><\/div><\/section><section class=\"cata-section cata-section-container-stretch cata-overflow-hidden intro-demo\" id=\"colors\" style=\" padding-top:100px; margin-bottom:0;background-color:#f4f4f4;\" ><div class=\"cata-container\"><div class=\"cata-row cata-columns-gap-40\"><div class=\"cata-column wpb_column vc_column_container  col-xs-mobile-fullwidth col-sm-12\"  id=\"column_heoshjxgam\" style=\"\"><div class=\"cata-column-wrapper vc-column-innner-wrapper\" style=\"\">\t\t<div id=\"cata_single_image_xnq4zlr9ix\" class=\"cata-single-image cata-element img-center\" >\r\n\t\t\t<div><figure>\r\n\t\t\t\t<img decoding=\"async\" src=\"https:\/\/beylerbeyiankara.com\/wp-content\/uploads\/2020\/04\/BEYLERBEY\u0130_\u015eER\u0130T.png\" class=\"catalazy\" alt=\"\" \/>\t\t\t<\/figure><\/div>\r\n\t\t<\/div>\r\n\t\t<div id=\"cata_empty_space_fx0oa\" class=\"cata-empty-space cata-element\" style=\"height: 20px\" ><\/div>[vc_gallery type=&#8221;image_grid&#8221; images=&#8221;3681,3682,3683,3684,3685,3686,3687,3688,3689,3690,3691&#8243; img_size=&#8221;full&#8221; columns=&#8221;cols5&#8243;]<div id=\"cata_empty_space_snfrl\" class=\"cata-empty-space cata-element\" style=\"height: 40px\" ><\/div><div id=\"cata_empty_space_p8m3p\" class=\"cata-empty-space cata-element\" style=\"height: 60px\" ><\/div><\/div><\/div><\/div><\/div><\/section>\n","protected":false},"excerpt":{"rendered":"500 Ki\u015filik Kapasite Konferans &amp; Etkinlik [vc_gallery type=\"image_grid\" images=\"3681,3682,3683,3684,3685,3686,3687,3688,3689,3690,3691\" img_size=\"full\" columns=\"cols5\"]","protected":false},"author":1,"featured_media":0,"parent":0,"menu_order":0,"comment_status":"closed","ping_status":"closed","template":"","meta":{"footnotes":""},"class_list":["post-3680","page","type-page","status-publish","hentry"],"_links":{"self":[{"href":"https:\/\/beylerbeyiankara.com\/index.php\/wp-json\/wp\/v2\/pages\/3680","targetHints":{"allow":["GET"]}}],"collection":[{"href":"https:\/\/beylerbeyiankara.com\/index.php\/wp-json\/wp\/v2\/pages"}],"about":[{"href":"https:\/\/beylerbeyiankara.com\/index.php\/wp-json\/wp\/v2\/types\/page"}],"author":[{"embeddable":true,"href":"https:\/\/beylerbeyiankara.com\/index.php\/wp-json\/wp\/v2\/users\/1"}],"replies":[{"embeddable":true,"href":"https:\/\/beylerbeyiankara.com\/index.php\/wp-json\/wp\/v2\/comments?post=3680"}],"version-history":[{"count":4,"href":"https:\/\/beylerbeyiankara.com\/index.php\/wp-json\/wp\/v2\/pages\/3680\/revisions"}],"predecessor-version":[{"id":3697,"href":"https:\/\/beylerbeyiankara.com\/index.php\/wp-json\/wp\/v2\/pages\/3680\/revisions\/3697"}],"wp:attachment":[{"href":"https:\/\/beylerbeyiankara.com\/index.php\/wp-json\/wp\/v2\/media?parent=3680"}],"curies":[{"name":"wp","href":"https:\/\/api.w.org\/{rel}","templated":true}]}}