{"id":1796,"date":"2018-04-19T17:32:19","date_gmt":"2018-04-19T17:32:19","guid":{"rendered":"http:\/\/sampledata.catanisthemes.com\/sweetinz\/?page_id=1796"},"modified":"2020-05-14T15:14:45","modified_gmt":"2020-05-14T12:14:45","slug":"neden-biz","status":"publish","type":"page","link":"https:\/\/beylerbeyiankara.com\/index.php\/neden-biz\/","title":{"rendered":"Neden Biz?"},"content":{"rendered":"<section class=\"cata-section cata-section-container-stretch\" id=\"section_uu49d9bf7g\" style=\" margin-bottom:100px;\" ><div class=\"cata-container\"><div class=\"cata-row cata-columns-gap-30\"><div class=\"cata-column wpb_column vc_column_container text-left  col-xs-mobile-fullwidth col-sm-12\"  id=\"column_ogugk4eikh\" style=\"padding-right:16%;padding-left:16%;\"><div class=\"cata-column-wrapper vc-column-innner-wrapper\" style=\"\">\t\t<div id=\"cata_single_image_w4mvm5rirs\" class=\"cata-single-image cata-element img-center\" >\r\n\t\t\t<div><figure>\r\n\t\t\t\t<img decoding=\"async\" src=\"https:\/\/beylerbeyiankara.com\/wp-content\/uploads\/2020\/04\/neden-biz.png\" class=\"catalazy\" alt=\"\" \/>\t\t\t<\/figure><\/div>\r\n\t\t<\/div>\r\n\t\t<div id=\"cata_empty_space_3orlw\" class=\"cata-empty-space cata-element\" style=\"height: 15px\" ><\/div><div id=\"cata_column_text_tfwic\" class=\"cata-text-column cata-element  cata-default has-animation\" data-animation-type=\"fadeInUp\" data-animation-duration=\"700\" data-animation-delay=\"500\">\r\n\t\t\t\t\t<div class=\"text_wrapper\"><div style=\"text-align: center;\">\n<div><strong>Geleneklerimizin modern sil\u00fcetleri Beylerbeyi Ankara&#8217;da hayat buluyor.<\/strong><\/div>\n<\/div>\n<div><\/div>\n<div style=\"text-align: center;\">\n<div>\n<div><strong>Romantik anlara ortak olmak i\u00e7in \u00e7\u0131kt\u0131\u011f\u0131m\u0131z bu yar\u0131m as\u0131ra yakla\u015fan yolda uzman kadromuz, gen\u00e7, dinamik, yenilik\u00e7i hizmet anlay\u0131\u015f\u0131m\u0131z ile r\u00fcya gibi d\u00fc\u011f\u00fcnleri ger\u00e7e\u011fe d\u00f6n\u00fc\u015ft\u00fcr\u00fcyoruz&#8230;<\/strong><\/div>\n<div><strong>CLD \u015eirketler Grubu b\u00fcnyesinde yer alan Beylerbeyi Ankara e\u015fsiz \u00f6zellikleri ile organizasyon sekt\u00f6r\u00fcn\u00fcn \u00f6nc\u00fcs\u00fc olmaya devam ediyor. 1100 davetliyi a\u011f\u0131rlayabilecek kapasitesi ile ihti\u015fam ve zarafetin m\u00fckemmel uyumunu yakalayan Beylerbeyi Salon, ayr\u0131ca \u00a0500 ki\u015filik kapasitesiyle \u0131\u015f\u0131lt\u0131l\u0131 atmosferinin \u00e7ekimine kap\u0131laca\u011f\u0131n\u0131z Saray Salon&#8217;da siz de\u011ferli misafirlerimizin unutulmaz anlar ya\u015famas\u0131 i\u00e7in t\u00fcm detaylar\u0131 d\u00fc\u015f\u00fcnd\u00fck. Siz sevdiklerinizle en mutlu oldu\u011funuz anlar\u0131 payla\u015f\u0131rken \u00e7ocuklar\u0131n\u0131z g\u00fcvenle vakit ge\u00e7irebilsin diye a\u00e7\u0131k\u00a0 kapal\u0131 oyun alanlar\u0131m\u0131z, ibadetleriniz i\u00e7in \u00f6zenle haz\u0131rlanm\u0131\u015f mescidimiz, 20 bin metrekare alanda hayat bulan do\u011fa g\u00fczelli\u011fimiz, davetlilerinizin park sorununu ortadan kald\u0131racak 800 ara\u00e7l\u0131k otopark\u0131m\u0131z, Halimbey restoran\u0131n\u0131n kalitesiyle bulu\u015fan zengin d\u00fc\u011f\u00fcn men\u00fclerimiz ile sizlere hizmet veriyoruz.<\/strong><\/div>\n<\/div>\n<\/div>\n<div><\/div>\n<div><\/div>\n<div style=\"text-align: center;\">\n<div>\n<div>\n<div>\n<div><strong>Organizasyon sekt\u00f6r\u00fcne yeni bir soluk getiren Beylerbeyi Ankara, y\u0131llar\u0131n vermi\u015f oldu\u011fu tecr\u00fcbe ile kusursuz d\u00fc\u011f\u00fcnlere imza at\u0131yor. D\u00fc\u011f\u00fcn, ni\u015fan, k\u0131na, balo, toplant\u0131 gibi organizasyonlar\u0131n\u0131z i\u00e7in haz\u0131rlam\u0131\u015f oldu\u011fumuz salonlar\u0131m\u0131zda mutlulu\u011funuzu sevdiklerinizle payla\u015fabilirsiniz.<\/strong><\/div>\n<\/div>\n<\/div>\n<\/div>\n<\/div>\n<\/div>\r\n\t\t\t\t<\/div><div id=\"cata_empty_space_mm03g\" class=\"cata-empty-space cata-element\" style=\"height: 40px\" ><\/div><div id=\"cata_socials_lp5helf6yl\" class=\"cata-socials cata-style1 cata-align-center cata-size-nm has-animation icons-3\" data-animation-type=\"fadeInUp\" data-animation-duration=\"700\" data-animation-delay=\"300\"><ul><li class=\"icon-facebook\"><a href=\"https:\/\/www.facebook.com\/BeylerbeyiAnkara-109698617411919\/\" target=\"_blank\" title=\"FB\" data-hover=\"FB\"><i class=\"cicon fa-facebook\"><\/i><span class=\"line-top-left\"><\/span><span class=\"line-top-center\"><\/span><span class=\"line-top-right\"><\/span><span class=\"line-bottom-left\"><\/span><span class=\"line-bottom-center\"><\/span><span class=\"line-bottom-right\"><\/span><\/a><\/li><li class=\"icon-twitter\"><a href=\"https:\/\/www.instagram.com\/beylerbeyiankara\/\" target=\"_blank\" title=\"TW\" data-hover=\"TW\"><i class=\"cicon fa-twitter\"><\/i><span class=\"line-top-left\"><\/span><span class=\"line-top-center\"><\/span><span class=\"line-top-right\"><\/span><span class=\"line-bottom-left\"><\/span><span class=\"line-bottom-center\"><\/span><span class=\"line-bottom-right\"><\/span><\/a><\/li><li class=\"icon-instagram\"><a href=\"https:\/\/www.instagram.com\/beylerbeyiankara\/\" target=\"_blank\"><i class=\"cicon fa-instagram\"><\/i><span class=\"line-top-left\"><\/span><span class=\"line-top-center\"><\/span><span class=\"line-top-right\"><\/span><span class=\"line-bottom-left\"><\/span><span class=\"line-bottom-center\"><\/span><span class=\"line-bottom-right\"><\/span><\/a><\/li><\/ul><\/div><\/div><\/div><\/div><\/div><\/section><section class=\"cata-section cata-section-fullwidth cata-fullwidth has-animation\" id=\"section_35k7vr0hfo\" style=\" margin-bottom:100px;\" data-animation-type=\"fadeInUp\" data-animation-duration=\"700\" data-animation-delay=\"300\"><div class=\"cata-row cata-columns-gap-30\"><div class=\"cata-column wpb_column vc_column_container  col-xs-mobile-fullwidth col-sm-12\"  id=\"column_7m5pwcoycc\" style=\"\"><div class=\"cata-column-wrapper vc-column-innner-wrapper\" style=\"\">\t    <div id=\"cata_center_slider_xpu0ax69pm\" class=\"cata-center-slider cata-slick-slider clearfix w-focus effect-overlay dots-line\" >\r\n\t        <div class=\"content-slider-container\">\r\n\t            <ul class=\"slides\" data-slick='{\"centerMode\":true,\"centerPadding\":\"20%\",\"autoplay\":false,\"autoplaySpeed\":3000,\"slidesToShow\":1,\"slidesToScroll\":1,\"dots\":false,\"arrows\":true,\"infinite\":true,\"draggable\":true,\"speed\":500,\"rtl\":false,\"adaptiveHeight\":true,\"responsive\":[{\"breakpoint\":1024,\"settings\":{\"centerPadding\":\"30px\",\"slidesToShow\":1}},{\"breakpoint\":768,\"settings\":{\"centerPadding\":\"20px\",\"slidesToShow\":1}},{\"breakpoint\":480,\"settings\":{\"centerPadding\":\"10px\",\"slidesToShow\":1}}]}'>\r\n\t              \t\t\t<li class=\"cata-item\">\r\n        \t<div>\r\n\t        \t<div class=\"image-wrap\">\r\n\t\t\t\t\t<img decoding=\"async\" src=\"https:\/\/beylerbeyiankara.com\/wp-content\/uploads\/2020\/03\/17-1170x632.jpg\" alt=\"\" \/>\r\n\t\t\t\t\t<span class=\"bgoverlay\"><\/span>\r\n\t\t\t\t<\/div>\r\n                        \r\n                <div class=\"ctent-wrap\">\r\n                \t<div class=\"cata-fadeInLeft\">\r\n                        \t\r\n\t                                            \r\n\t\t                                        \r\n                        \t            \t<\/div>\r\n            \t<\/div>\r\n        \t<\/div>\r\n\t\t<\/li>\r\n\t    \t\t<li class=\"cata-item\">\r\n        \t<div>\r\n\t        \t<div class=\"image-wrap\">\r\n\t\t\t\t\t<img decoding=\"async\" src=\"https:\/\/beylerbeyiankara.com\/wp-content\/uploads\/2020\/03\/12-1170x633.jpg\" alt=\"\" \/>\r\n\t\t\t\t\t<span class=\"bgoverlay\"><\/span>\r\n\t\t\t\t<\/div>\r\n                        \r\n                <div class=\"ctent-wrap\">\r\n                \t<div class=\"cata-fadeInLeft\">\r\n                        \t\r\n\t                                            \r\n\t\t                                        \r\n                        \t            \t<\/div>\r\n            \t<\/div>\r\n        \t<\/div>\r\n\t\t<\/li>\r\n\t    \t\t<li class=\"cata-item\">\r\n        \t<div>\r\n\t        \t<div class=\"image-wrap\">\r\n\t\t\t\t\t<img decoding=\"async\" src=\"https:\/\/beylerbeyiankara.com\/wp-content\/uploads\/2020\/03\/16-1170x632.jpg\" alt=\"\" \/>\r\n\t\t\t\t\t<span class=\"bgoverlay\"><\/span>\r\n\t\t\t\t<\/div>\r\n                        \r\n                <div class=\"ctent-wrap\">\r\n                \t<div class=\"cata-fadeInLeft\">\r\n                        \t\r\n\t                                            \r\n\t\t                                        \r\n                        \t            \t<\/div>\r\n            \t<\/div>\r\n        \t<\/div>\r\n\t\t<\/li>\r\n\t    \t\t<li class=\"cata-item\">\r\n        \t<div>\r\n\t        \t<div class=\"image-wrap\">\r\n\t\t\t\t\t<img decoding=\"async\" src=\"https:\/\/beylerbeyiankara.com\/wp-content\/uploads\/2020\/03\/5-1170x633.jpg\" alt=\"\" \/>\r\n\t\t\t\t\t<span class=\"bgoverlay\"><\/span>\r\n\t\t\t\t<\/div>\r\n                        \r\n                <div class=\"ctent-wrap\">\r\n                \t<div class=\"cata-fadeInLeft\">\r\n                        \t\r\n\t                                            \r\n\t\t                                        \r\n                        \t            \t<\/div>\r\n            \t<\/div>\r\n        \t<\/div>\r\n\t\t<\/li>\r\n\t    \t\t<li class=\"cata-item\">\r\n        \t<div>\r\n\t        \t<div class=\"image-wrap\">\r\n\t\t\t\t\t<img decoding=\"async\" src=\"https:\/\/beylerbeyiankara.com\/wp-content\/uploads\/2020\/03\/4-1170x632.jpg\" alt=\"\" \/>\r\n\t\t\t\t\t<span class=\"bgoverlay\"><\/span>\r\n\t\t\t\t<\/div>\r\n                        \r\n                <div class=\"ctent-wrap\">\r\n                \t<div class=\"cata-fadeInLeft\">\r\n                        \t\r\n\t                                            \r\n\t\t                                        \r\n                        \t            \t<\/div>\r\n            \t<\/div>\r\n        \t<\/div>\r\n\t\t<\/li>\r\n\t    \t            <\/ul>\r\n\t        <\/div>\r\n\t    <\/div>\r\n\t    <\/div><\/div><\/div><\/section>\n","protected":false},"excerpt":{"rendered":"Geleneklerimizin modern sil\u00fcetleri Beylerbeyi Ankara'da hayat buluyor. Romantik anlara ortak olmak i\u00e7in \u00e7\u0131kt\u0131\u011f\u0131m\u0131z bu yar\u0131m as\u0131ra yakla\u015fan yolda uzman kadromuz, gen\u00e7, dinamik, yenilik\u00e7i hizmet anlay\u0131\u015f\u0131m\u0131z ile r\u00fcya gibi d\u00fc\u011f\u00fcnleri ger\u00e7e\u011fe d\u00f6n\u00fc\u015ft\u00fcr\u00fcyoruz... CLD \u015eirketler Grubu b\u00fcnyesinde &hellip; <a href=\"https:\/\/beylerbeyiankara.com\/index.php\/neden-biz\/\" class=\"more-link\">Continue reading <span class=\"screen-reader-text\">Neden Biz?<\/span><\/a>","protected":false},"author":1,"featured_media":0,"parent":0,"menu_order":0,"comment_status":"closed","ping_status":"closed","template":"","meta":{"footnotes":""},"class_list":["post-1796","page","type-page","status-publish","hentry"],"_links":{"self":[{"href":"https:\/\/beylerbeyiankara.com\/index.php\/wp-json\/wp\/v2\/pages\/1796","targetHints":{"allow":["GET"]}}],"collection":[{"href":"https:\/\/beylerbeyiankara.com\/index.php\/wp-json\/wp\/v2\/pages"}],"about":[{"href":"https:\/\/beylerbeyiankara.com\/index.php\/wp-json\/wp\/v2\/types\/page"}],"author":[{"embeddable":true,"href":"https:\/\/beylerbeyiankara.com\/index.php\/wp-json\/wp\/v2\/users\/1"}],"replies":[{"embeddable":true,"href":"https:\/\/beylerbeyiankara.com\/index.php\/wp-json\/wp\/v2\/comments?post=1796"}],"version-history":[{"count":21,"href":"https:\/\/beylerbeyiankara.com\/index.php\/wp-json\/wp\/v2\/pages\/1796\/revisions"}],"predecessor-version":[{"id":3610,"href":"https:\/\/beylerbeyiankara.com\/index.php\/wp-json\/wp\/v2\/pages\/1796\/revisions\/3610"}],"wp:attachment":[{"href":"https:\/\/beylerbeyiankara.com\/index.php\/wp-json\/wp\/v2\/media?parent=1796"}],"curies":[{"name":"wp","href":"https:\/\/api.w.org\/{rel}","templated":true}]}}