{"id":1137,"date":"2018-03-01T08:13:26","date_gmt":"2018-03-01T08:13:26","guid":{"rendered":"http:\/\/sampledata.catanisthemes.com\/sweetinz\/?page_id=1137"},"modified":"2020-08-28T16:35:38","modified_gmt":"2020-08-28T13:35:38","slug":"beylerbeyi-salon","status":"publish","type":"page","link":"https:\/\/beylerbeyiankara.com\/index.php\/beylerbeyi-salon\/","title":{"rendered":"Beylerbeyi Salon"},"content":{"rendered":"<section class=\"cata-section cata-section-container-stretch\" id=\"section_1omvenu6gj\" style=\"\" ><div class=\"cata-container\"><div class=\"cata-row cata-columns-gap-30\"><div class=\"cata-column wpb_column vc_column_container  col-xs-mobile-fullwidth col-sm-12\"  id=\"column_0qsjs00yrc\" style=\"\"><div class=\"cata-column-wrapper vc-column-innner-wrapper\" style=\"\">\t\t<div id=\"cata_single_image_h20r9efd4i\" class=\"cata-single-image cata-element img-center\" >\r\n\t\t\t<div><figure>\r\n\t\t\t\t<img decoding=\"async\" src=\"https:\/\/beylerbeyiankara.com\/wp-content\/uploads\/2020\/04\/salon.png\" class=\"catalazy\" alt=\"\" \/>\t\t\t<\/figure><\/div>\r\n\t\t<\/div>\r\n\t\t<\/div><\/div><\/div><\/div><\/section><section class=\"cata-section cata-section-container-stretch intro-demo\" id=\"demos\" style=\" padding-top:100px; margin-bottom:0;background-color:#ffffff;\" ><div class=\"cata-container\"><div class=\"cata-row cata-columns-gap-40\"><div class=\"cata-column wpb_column vc_column_container text-left has-animation  col-xs-mobile-fullwidth  col-sm-6\" data-animation-type=\"fadeInUp\" data-animation-duration=\"700\" data-animation-delay=\"1000\" id=\"column_0jdp7rdyb6\" style=\"\"><div class=\"cata-column-wrapper vc-column-innner-wrapper\" style=\"\">\t\t<div id=\"cata_single_image_pmhuv7es70\" class=\"cata-single-image cata-element img-center effect-moveup cata-boxshadow\" >\r\n\t\t\t<div><figure>\r\n\t\t\t\t<img decoding=\"async\" src=\"https:\/\/beylerbeyiankara.com\/wp-content\/uploads\/2020\/08\/banner.jpg\" class=\"catalazy\" alt=\"\" \/>\t\t\t<\/figure><\/div>\r\n\t\t<\/div>\r\n\t\t<div id=\"cata_empty_space_v3z50\" class=\"cata-empty-space cata-element\" style=\"height: 30px\" ><\/div><div id=\"cata_custom_heading_owyt32e55u\" class=\"cata-custom-heading cata-element \" ><h6 style=\"font-size: 16px; text-align:center;line-height: 30px; \" class=\" cata-black-color\"><a href=\"#\" target=\" _blank\">1100 Ki\u015filik Kapasite<\/a><\/h6><\/div><\/div><\/div><div class=\"cata-column wpb_column vc_column_container text-left has-animation  col-xs-mobile-fullwidth  col-sm-6\" data-animation-type=\"fadeInUp\" data-animation-duration=\"700\" data-animation-delay=\"1200\" id=\"column_i6204y9jii\" style=\"\"><div class=\"cata-column-wrapper vc-column-innner-wrapper\" style=\"\">\t\t<div id=\"cata_single_image_7gbise9rx1\" class=\"cata-single-image cata-element img-center effect-moveup cata-boxshadow\" >\r\n\t\t\t<div><figure>\r\n\t\t\t\t<img decoding=\"async\" src=\"https:\/\/beylerbeyiankara.com\/wp-content\/uploads\/2020\/08\/banner3.jpg\" class=\"catalazy\" alt=\"\" \/>\t\t\t<\/figure><\/div>\r\n\t\t<\/div>\r\n\t\t<div id=\"cata_empty_space_da588\" class=\"cata-empty-space cata-element\" style=\"height: 30px\" ><\/div><div id=\"cata_custom_heading_bveo0b83gm\" class=\"cata-custom-heading cata-element \" ><h6 style=\"font-size: 16px; text-align:center;line-height: 30px; \" class=\" cata-black-color\"><a href=\"http:\/\/sampledata.catanisthemes.com\/sweetinz\/home-page2\/\" target=\" _blank\">Konferans &amp; Etkinlik<\/a><\/h6><\/div><\/div><\/div><\/div><\/div><\/section><section class=\"cata-section cata-section-container-stretch cata-overflow-hidden intro-demo\" id=\"colors\" style=\" padding-top:100px; margin-bottom:0;background-color:#f4f4f4;\" ><div class=\"cata-container\"><div class=\"cata-row cata-columns-gap-40\"><div class=\"cata-column wpb_column vc_column_container  col-xs-mobile-fullwidth col-sm-12\"  id=\"column_v7srq86kfi\" style=\"\"><div class=\"cata-column-wrapper vc-column-innner-wrapper\" style=\"\">\t\t<div id=\"cata_single_image_79vvfjp4lg\" class=\"cata-single-image cata-element img-center\" >\r\n\t\t\t<div><figure>\r\n\t\t\t\t<img decoding=\"async\" src=\"https:\/\/beylerbeyiankara.com\/wp-content\/uploads\/2020\/04\/BEYLERBEY\u0130_\u015eER\u0130T.png\" class=\"catalazy\" alt=\"\" \/>\t\t\t<\/figure><\/div>\r\n\t\t<\/div>\r\n\t\t<div id=\"cata_empty_space_0q7qm\" class=\"cata-empty-space cata-element\" style=\"height: 20px\" ><\/div>[vc_gallery type=&#8221;image_grid&#8221; images=&#8221;3635,3636,3643,3646,3637,3641,3640,3642,3644,3645,3647,3648,3649,3651,3652,3655,3656,3658,3657,3661,3662,3663,3664,3665&#8243; img_size=&#8221;full&#8221; columns=&#8221;cols5&#8243;]<div id=\"cata_empty_space_w2l96\" class=\"cata-empty-space cata-element\" style=\"height: 40px\" ><\/div><div id=\"cata_empty_space_ewlsr\" class=\"cata-empty-space cata-element\" style=\"height: 60px\" ><\/div><\/div><\/div><\/div><\/div><\/section>\n","protected":false},"excerpt":{"rendered":"1100 Ki\u015filik Kapasite Konferans &amp; Etkinlik [vc_gallery type=\"image_grid\" images=\"3635,3636,3643,3646,3637,3641,3640,3642,3644,3645,3647,3648,3649,3651,3652,3655,3656,3658,3657,3661,3662,3663,3664,3665\" img_size=\"full\" columns=\"cols5\"]","protected":false},"author":1,"featured_media":0,"parent":0,"menu_order":0,"comment_status":"closed","ping_status":"closed","template":"template-intro.php","meta":{"footnotes":""},"class_list":["post-1137","page","type-page","status-publish","hentry"],"_links":{"self":[{"href":"https:\/\/beylerbeyiankara.com\/index.php\/wp-json\/wp\/v2\/pages\/1137","targetHints":{"allow":["GET"]}}],"collection":[{"href":"https:\/\/beylerbeyiankara.com\/index.php\/wp-json\/wp\/v2\/pages"}],"about":[{"href":"https:\/\/beylerbeyiankara.com\/index.php\/wp-json\/wp\/v2\/types\/page"}],"author":[{"embeddable":true,"href":"https:\/\/beylerbeyiankara.com\/index.php\/wp-json\/wp\/v2\/users\/1"}],"replies":[{"embeddable":true,"href":"https:\/\/beylerbeyiankara.com\/index.php\/wp-json\/wp\/v2\/comments?post=1137"}],"version-history":[{"count":18,"href":"https:\/\/beylerbeyiankara.com\/index.php\/wp-json\/wp\/v2\/pages\/1137\/revisions"}],"predecessor-version":[{"id":3675,"href":"https:\/\/beylerbeyiankara.com\/index.php\/wp-json\/wp\/v2\/pages\/1137\/revisions\/3675"}],"wp:attachment":[{"href":"https:\/\/beylerbeyiankara.com\/index.php\/wp-json\/wp\/v2\/media?parent=1137"}],"curies":[{"name":"wp","href":"https:\/\/api.w.org\/{rel}","templated":true}]}}